{"id":17,"date":"2018-05-22T12:49:27","date_gmt":"2018-05-22T12:49:27","guid":{"rendered":"http:\/\/sigeko-jena.de\/?page_id=17"},"modified":"2023-02-21T07:12:24","modified_gmt":"2023-02-21T07:12:24","slug":"ueber-mich","status":"publish","type":"page","link":"https:\/\/sigeko-jena.de\/?page_id=17","title":{"rendered":"\u00dcber Mich"},"content":{"rendered":"<div class=\"entry-content\">\n<p>Nach erfolgreichem Studium an der TH Cottbus, absolvierte ich die notwendige Ausbildung zum SiGeKo, 2008 an der Bauhaus Akademie Weimar, Au\u00dfenstelle Schlo\u00df Ettersburg.<\/p>\n<p>Seitdem betreute ich mehrere BV in Jena, Triptis und Arnstadt als SiGeKo.<\/p>\n<p>Teil der Reverenzen:.<\/p>\n<ul>\n<li>Sigeko Umbau Knebelstra\u00dfe 3 in Jena<\/li>\n<li>Sigeko Sanierung Lutherstra\u00dfe 125 in Jena<\/li>\n<li>Sigeko Am Fr\u00f6belstieg 2 in Jena<\/li>\n<li>Sigeko ETW Felsenkellerstra\u00dfe 8 A in Jena<\/li>\n<li>Sigeko Wohnhaus Sickingenstra\u00dfe 16 in Jena<\/li>\n<li>Sigeko ETW Ziegenhainer Stra\u00dfe 77 in Jena<\/li>\n<li>Sigeko Wohnhaus Am Anger 5 in Jena<\/li>\n<li>Sigeko Wohnhaus L\u00f6bstedterstra\u00dfe 26 in Jena<\/li>\n<li>Sigeko Wohnhaus Wenigenjenaer Ufer 16 in Jena<\/li>\n<li>Sigeko ETW Am R\u00e4hmen 29 in Jena<\/li>\n<li>Sigeko Umbau Industriehalle Asphericon Jena<\/li>\n<li>Sigeko Neubau 7 MFH Schillerstra\u00dfe in Triptis<\/li>\n<li>Sigeko Umbau L\u00e4mmerleide 1 in Jena zu ETW<\/li>\n<li>Sigeko Neubau 13 WE Wenigenjenaer Ufer in Jena<\/li>\n<li>Sigeko Neubau Reihenh\u00e4user Fr\u00f6belstieg Jena<\/li>\n<li>Sigeko Umbau Fabrikgeb\u00e4ude in betreutes Wohnen Arnstadt<\/li>\n<\/ul>\n<\/div>\n\n\n<div class=\"wp-block-contact-form-7-contact-form-selector\">\n<div class=\"wpcf7 no-js\" id=\"wpcf7-f56-o1\" lang=\"de-DE\" dir=\"ltr\">\n<div class=\"screen-reader-response\"><p role=\"status\" aria-live=\"polite\" aria-atomic=\"true\"><\/p> <ul><\/ul><\/div>\n<form action=\"\/index.php?rest_route=%2Fwp%2Fv2%2Fpages%2F17#wpcf7-f56-o1\" method=\"post\" class=\"wpcf7-form init\" aria-label=\"Kontaktformular\" novalidate=\"novalidate\" data-status=\"init\">\n<div style=\"display: none;\">\n<input type=\"hidden\" name=\"_wpcf7\" value=\"56\" \/>\n<input type=\"hidden\" name=\"_wpcf7_version\" value=\"5.7.4\" \/>\n<input type=\"hidden\" name=\"_wpcf7_locale\" value=\"de_DE\" \/>\n<input type=\"hidden\" name=\"_wpcf7_unit_tag\" value=\"wpcf7-f56-o1\" \/>\n<input type=\"hidden\" name=\"_wpcf7_container_post\" value=\"0\" \/>\n<input type=\"hidden\" name=\"_wpcf7_posted_data_hash\" value=\"\" \/>\n<\/div>\n<p><label> Dein Name<br \/>\n<span class=\"wpcf7-form-control-wrap\" data-name=\"your-name\"><input size=\"40\" class=\"wpcf7-form-control wpcf7-text wpcf7-validates-as-required\" autocomplete=\"name\" aria-required=\"true\" aria-invalid=\"false\" value=\"\" type=\"text\" name=\"your-name\" \/><\/span> <\/label>\n<\/p>\n<p><label> Deine E-Mail-Adresse<br \/>\n<span class=\"wpcf7-form-control-wrap\" data-name=\"your-email\"><input size=\"40\" class=\"wpcf7-form-control wpcf7-text wpcf7-email wpcf7-validates-as-required wpcf7-validates-as-email\" autocomplete=\"email\" aria-required=\"true\" aria-invalid=\"false\" value=\"\" type=\"email\" name=\"your-email\" \/><\/span> <\/label>\n<\/p>\n<p><label> Betreff<br \/>\n<span class=\"wpcf7-form-control-wrap\" data-name=\"your-subject\"><input size=\"40\" class=\"wpcf7-form-control wpcf7-text wpcf7-validates-as-required\" aria-required=\"true\" aria-invalid=\"false\" value=\"\" type=\"text\" name=\"your-subject\" \/><\/span> <\/label>\n<\/p>\n<p><label> Deine Nachricht (optional)<br \/>\n<span class=\"wpcf7-form-control-wrap\" data-name=\"your-message\"><textarea cols=\"40\" rows=\"10\" class=\"wpcf7-form-control wpcf7-textarea\" aria-invalid=\"false\" name=\"your-message\"><\/textarea><\/span> <\/label>\n<\/p>\n<p><input class=\"wpcf7-form-control has-spinner wpcf7-submit\" type=\"submit\" value=\"Senden\" \/>\n<\/p><p style=\"display: none !important;\"><label>&#916;<textarea name=\"_wpcf7_ak_hp_textarea\" cols=\"45\" rows=\"8\" maxlength=\"100\"><\/textarea><\/label><input type=\"hidden\" id=\"ak_js_1\" name=\"_wpcf7_ak_js\" value=\"79\"\/><script>document.getElementById( \"ak_js_1\" ).setAttribute( \"value\", ( new Date() ).getTime() );<\/script><\/p><div class=\"wpcf7-response-output\" aria-hidden=\"true\"><\/div>\n<\/form>\n<\/div>\n<\/div>\n","protected":false},"excerpt":{"rendered":"<p>Nach erfolgreichem Studium an der TH Cottbus, absolvierte ich die notwendige Ausbildung zum SiGeKo, 2008 an der Bauhaus Akademie Weimar, Au\u00dfenstelle Schlo\u00df Ettersburg. Seitdem betreute ich mehrere BV in Jena, Triptis und Arnstadt als SiGeKo. Teil der Reverenzen:. Sigeko Umbau Knebelstra\u00dfe 3 in Jena Sigeko Sanierung Lutherstra\u00dfe 125 in Jena Sigeko Am Fr\u00f6belstieg 2 in Jena Sigeko ETW Felsenkellerstra\u00dfe 8 A in Jena Sigeko Wohnhaus Sickingenstra\u00dfe 16 in Jena Sigeko ETW Ziegenhainer Stra\u00dfe 77 in Jena Sigeko Wohnhaus Am Anger&#8230;<\/p>\n<p class=\"read-more\"><a class=\"btn btn-default\" href=\"https:\/\/sigeko-jena.de\/?page_id=17\">Weiterlesen<span class=\"screen-reader-text\"> Weiterlesen<\/span><\/a><\/p>\n","protected":false},"author":1,"featured_media":0,"parent":0,"menu_order":0,"comment_status":"closed","ping_status":"closed","template":"","meta":[],"_links":{"self":[{"href":"https:\/\/sigeko-jena.de\/index.php?rest_route=\/wp\/v2\/pages\/17"}],"collection":[{"href":"https:\/\/sigeko-jena.de\/index.php?rest_route=\/wp\/v2\/pages"}],"about":[{"href":"https:\/\/sigeko-jena.de\/index.php?rest_route=\/wp\/v2\/types\/page"}],"author":[{"embeddable":true,"href":"https:\/\/sigeko-jena.de\/index.php?rest_route=\/wp\/v2\/users\/1"}],"replies":[{"embeddable":true,"href":"https:\/\/sigeko-jena.de\/index.php?rest_route=%2Fwp%2Fv2%2Fcomments&post=17"}],"version-history":[{"count":3,"href":"https:\/\/sigeko-jena.de\/index.php?rest_route=\/wp\/v2\/pages\/17\/revisions"}],"predecessor-version":[{"id":59,"href":"https:\/\/sigeko-jena.de\/index.php?rest_route=\/wp\/v2\/pages\/17\/revisions\/59"}],"wp:attachment":[{"href":"https:\/\/sigeko-jena.de\/index.php?rest_route=%2Fwp%2Fv2%2Fmedia&parent=17"}],"curies":[{"name":"wp","href":"https:\/\/api.w.org\/{rel}","templated":true}]}}